{"id":82,"date":"2022-11-02T18:06:39","date_gmt":"2022-11-02T17:06:39","guid":{"rendered":"https:\/\/lencordee.fr\/?page_id=82"},"modified":"2022-11-13T17:07:54","modified_gmt":"2022-11-13T16:07:54","slug":"numeros-aeriens","status":"publish","type":"page","link":"https:\/\/lencordee.fr\/?page_id=82","title":{"rendered":"Num\u00e9ros a\u00e9riens"},"content":{"rendered":"\n<h1 class=\"has-text-align-center has-background wp-block-heading\" style=\"background-color:#f19a02a1;font-size:50px\"><strong>Num\u00e9ros a\u00e9riens<\/strong><\/h1>\n\n\n\n<p class=\"has-text-align-center has-nv-site-bg-background-color has-background has-medium-font-size\">Vous cherchez un num\u00e9ro a\u00e9rien pour une soir\u00e9e, un cabaret, un buffet, une f\u00eate dans votre jardin ou une prestation sur mesure ? Nous avons des num\u00e9ros en corde lisse et tissu a\u00e9rien, forme solo ou trio (cordes lisses uniquement). <br>N&rsquo;h\u00e9sitez pas \u00e0 nous contacter pour \u00e9laborer ensemble ce que vous recherchez.<\/p>\n\n\n\n<figure class=\"wp-block-gallery has-nested-images columns-3 is-cropped wp-block-gallery-1 is-layout-flex wp-block-gallery-is-layout-flex\">\n<figure class=\"wp-block-image size-large\"><img loading=\"lazy\" decoding=\"async\" width=\"683\" height=\"1024\" data-id=\"235\" src=\"https:\/\/lencordee.fr\/wp-content\/uploads\/2022\/11\/IMG_6516-683x1024.jpg\" alt=\"\" class=\"wp-image-235\" srcset=\"https:\/\/lencordee.fr\/wp-content\/uploads\/2022\/11\/IMG_6516-683x1024.jpg 683w, https:\/\/lencordee.fr\/wp-content\/uploads\/2022\/11\/IMG_6516-200x300.jpg 200w, https:\/\/lencordee.fr\/wp-content\/uploads\/2022\/11\/IMG_6516-768x1152.jpg 768w, https:\/\/lencordee.fr\/wp-content\/uploads\/2022\/11\/IMG_6516-1024x1536.jpg 1024w, https:\/\/lencordee.fr\/wp-content\/uploads\/2022\/11\/IMG_6516-1365x2048.jpg 1365w, https:\/\/lencordee.fr\/wp-content\/uploads\/2022\/11\/IMG_6516-scaled.jpg 1707w\" sizes=\"auto, (max-width: 683px) 100vw, 683px\" \/><\/figure>\n\n\n\n<figure class=\"wp-block-image size-large\"><img loading=\"lazy\" decoding=\"async\" width=\"683\" height=\"1024\" data-id=\"278\" src=\"https:\/\/lencordee.fr\/wp-content\/uploads\/2022\/11\/FB_IMG_1526890366773-1-683x1024.jpg\" alt=\"\" class=\"wp-image-278\" srcset=\"https:\/\/lencordee.fr\/wp-content\/uploads\/2022\/11\/FB_IMG_1526890366773-1-683x1024.jpg 683w, https:\/\/lencordee.fr\/wp-content\/uploads\/2022\/11\/FB_IMG_1526890366773-1-200x300.jpg 200w, https:\/\/lencordee.fr\/wp-content\/uploads\/2022\/11\/FB_IMG_1526890366773-1-768x1152.jpg 768w, https:\/\/lencordee.fr\/wp-content\/uploads\/2022\/11\/FB_IMG_1526890366773-1-1024x1536.jpg 1024w, https:\/\/lencordee.fr\/wp-content\/uploads\/2022\/11\/FB_IMG_1526890366773-1.jpg 1342w\" sizes=\"auto, (max-width: 683px) 100vw, 683px\" \/><\/figure>\n\n\n\n<figure class=\"wp-block-image size-large\"><img loading=\"lazy\" decoding=\"async\" width=\"683\" height=\"1024\" data-id=\"233\" src=\"https:\/\/lencordee.fr\/wp-content\/uploads\/2022\/11\/201022_100_DSC8759-683x1024.jpg\" alt=\"\" class=\"wp-image-233\" srcset=\"https:\/\/lencordee.fr\/wp-content\/uploads\/2022\/11\/201022_100_DSC8759-683x1024.jpg 683w, https:\/\/lencordee.fr\/wp-content\/uploads\/2022\/11\/201022_100_DSC8759-200x300.jpg 200w, https:\/\/lencordee.fr\/wp-content\/uploads\/2022\/11\/201022_100_DSC8759-768x1152.jpg 768w, https:\/\/lencordee.fr\/wp-content\/uploads\/2022\/11\/201022_100_DSC8759-1024x1536.jpg 1024w, https:\/\/lencordee.fr\/wp-content\/uploads\/2022\/11\/201022_100_DSC8759.jpg 1067w\" sizes=\"auto, (max-width: 683px) 100vw, 683px\" \/><\/figure>\n<\/figure>\n\n\n\n<p><\/p>\n\n\n\n<figure class=\"wp-block-gallery has-nested-images columns-default is-cropped wp-block-gallery-2 is-layout-flex wp-block-gallery-is-layout-flex\">\n<figure class=\"wp-block-image size-large\"><img loading=\"lazy\" decoding=\"async\" width=\"682\" height=\"1024\" data-id=\"279\" src=\"https:\/\/lencordee.fr\/wp-content\/uploads\/2022\/11\/IMG-20190702-WA0045-1-682x1024.jpg\" alt=\"\" class=\"wp-image-279\" srcset=\"https:\/\/lencordee.fr\/wp-content\/uploads\/2022\/11\/IMG-20190702-WA0045-1-682x1024.jpg 682w, https:\/\/lencordee.fr\/wp-content\/uploads\/2022\/11\/IMG-20190702-WA0045-1-200x300.jpg 200w, https:\/\/lencordee.fr\/wp-content\/uploads\/2022\/11\/IMG-20190702-WA0045-1-768x1154.jpg 768w, https:\/\/lencordee.fr\/wp-content\/uploads\/2022\/11\/IMG-20190702-WA0045-1-1022x1536.jpg 1022w, https:\/\/lencordee.fr\/wp-content\/uploads\/2022\/11\/IMG-20190702-WA0045-1.jpg 1065w\" sizes=\"auto, (max-width: 682px) 100vw, 682px\" \/><\/figure>\n\n\n\n<figure class=\"wp-block-image size-large\"><img loading=\"lazy\" decoding=\"async\" width=\"577\" height=\"1024\" data-id=\"234\" src=\"https:\/\/lencordee.fr\/wp-content\/uploads\/2022\/11\/P1033529-577x1024.jpg\" alt=\"\" class=\"wp-image-234\" srcset=\"https:\/\/lencordee.fr\/wp-content\/uploads\/2022\/11\/P1033529-577x1024.jpg 577w, https:\/\/lencordee.fr\/wp-content\/uploads\/2022\/11\/P1033529-169x300.jpg 169w, https:\/\/lencordee.fr\/wp-content\/uploads\/2022\/11\/P1033529-768x1363.jpg 768w, https:\/\/lencordee.fr\/wp-content\/uploads\/2022\/11\/P1033529-865x1536.jpg 865w, https:\/\/lencordee.fr\/wp-content\/uploads\/2022\/11\/P1033529-1154x2048.jpg 1154w, https:\/\/lencordee.fr\/wp-content\/uploads\/2022\/11\/P1033529-scaled.jpg 1442w\" sizes=\"auto, (max-width: 577px) 100vw, 577px\" \/><\/figure>\n\n\n\n<figure class=\"wp-block-image size-large\"><img loading=\"lazy\" decoding=\"async\" width=\"884\" height=\"1024\" data-id=\"280\" src=\"https:\/\/lencordee.fr\/wp-content\/uploads\/2022\/11\/FB_IMG_1580214135368-1-884x1024.jpg\" alt=\"\" class=\"wp-image-280\" srcset=\"https:\/\/lencordee.fr\/wp-content\/uploads\/2022\/11\/FB_IMG_1580214135368-1-884x1024.jpg 884w, https:\/\/lencordee.fr\/wp-content\/uploads\/2022\/11\/FB_IMG_1580214135368-1-259x300.jpg 259w, https:\/\/lencordee.fr\/wp-content\/uploads\/2022\/11\/FB_IMG_1580214135368-1-768x890.jpg 768w, https:\/\/lencordee.fr\/wp-content\/uploads\/2022\/11\/FB_IMG_1580214135368-1.jpg 1080w\" sizes=\"auto, (max-width: 884px) 100vw, 884px\" \/><\/figure>\n\n\n\n<figure class=\"wp-block-image size-large\"><img loading=\"lazy\" decoding=\"async\" width=\"639\" height=\"960\" data-id=\"282\" src=\"https:\/\/lencordee.fr\/wp-content\/uploads\/2022\/11\/FB_IMG_1562198864716-1.jpg\" alt=\"\" class=\"wp-image-282\" srcset=\"https:\/\/lencordee.fr\/wp-content\/uploads\/2022\/11\/FB_IMG_1562198864716-1.jpg 639w, https:\/\/lencordee.fr\/wp-content\/uploads\/2022\/11\/FB_IMG_1562198864716-1-200x300.jpg 200w\" sizes=\"auto, (max-width: 639px) 100vw, 639px\" \/><\/figure>\n\n\n\n<figure class=\"wp-block-image size-large\"><img loading=\"lazy\" decoding=\"async\" width=\"1024\" height=\"683\" data-id=\"286\" src=\"https:\/\/lencordee.fr\/wp-content\/uploads\/2022\/11\/32624617598_12e617c0d6_o-1-1024x683.jpg\" alt=\"\" class=\"wp-image-286\" srcset=\"https:\/\/lencordee.fr\/wp-content\/uploads\/2022\/11\/32624617598_12e617c0d6_o-1-1024x683.jpg 1024w, https:\/\/lencordee.fr\/wp-content\/uploads\/2022\/11\/32624617598_12e617c0d6_o-1-300x200.jpg 300w, https:\/\/lencordee.fr\/wp-content\/uploads\/2022\/11\/32624617598_12e617c0d6_o-1-768x512.jpg 768w, https:\/\/lencordee.fr\/wp-content\/uploads\/2022\/11\/32624617598_12e617c0d6_o-1-1536x1024.jpg 1536w, https:\/\/lencordee.fr\/wp-content\/uploads\/2022\/11\/32624617598_12e617c0d6_o-1-2048x1365.jpg 2048w, https:\/\/lencordee.fr\/wp-content\/uploads\/2022\/11\/32624617598_12e617c0d6_o-1-930x620.jpg 930w\" sizes=\"auto, (max-width: 1024px) 100vw, 1024px\" \/><\/figure>\n\n\n\n<figure class=\"wp-block-image size-large\"><img loading=\"lazy\" decoding=\"async\" width=\"550\" height=\"550\" data-id=\"285\" src=\"https:\/\/lencordee.fr\/wp-content\/uploads\/2022\/11\/171177682.fYxQvKJF.201022_100_DSC7820-1.jpg\" alt=\"\" class=\"wp-image-285\" srcset=\"https:\/\/lencordee.fr\/wp-content\/uploads\/2022\/11\/171177682.fYxQvKJF.201022_100_DSC7820-1.jpg 550w, https:\/\/lencordee.fr\/wp-content\/uploads\/2022\/11\/171177682.fYxQvKJF.201022_100_DSC7820-1-300x300.jpg 300w, https:\/\/lencordee.fr\/wp-content\/uploads\/2022\/11\/171177682.fYxQvKJF.201022_100_DSC7820-1-150x150.jpg 150w\" sizes=\"auto, (max-width: 550px) 100vw, 550px\" \/><\/figure>\n\n\n\n<figure class=\"wp-block-image size-large\"><img loading=\"lazy\" decoding=\"async\" width=\"1024\" height=\"683\" data-id=\"281\" src=\"https:\/\/lencordee.fr\/wp-content\/uploads\/2022\/11\/FB_IMG_1536684329002-1-1024x683.jpg\" alt=\"\" class=\"wp-image-281\" srcset=\"https:\/\/lencordee.fr\/wp-content\/uploads\/2022\/11\/FB_IMG_1536684329002-1-1024x683.jpg 1024w, https:\/\/lencordee.fr\/wp-content\/uploads\/2022\/11\/FB_IMG_1536684329002-1-300x200.jpg 300w, https:\/\/lencordee.fr\/wp-content\/uploads\/2022\/11\/FB_IMG_1536684329002-1-768x512.jpg 768w, https:\/\/lencordee.fr\/wp-content\/uploads\/2022\/11\/FB_IMG_1536684329002-1-930x620.jpg 930w, https:\/\/lencordee.fr\/wp-content\/uploads\/2022\/11\/FB_IMG_1536684329002-1.jpg 1049w\" sizes=\"auto, (max-width: 1024px) 100vw, 1024px\" \/><\/figure>\n\n\n\n<figure class=\"wp-block-image size-large\"><img loading=\"lazy\" decoding=\"async\" width=\"1024\" height=\"683\" data-id=\"283\" src=\"https:\/\/lencordee.fr\/wp-content\/uploads\/2022\/11\/FB_IMG_1520883601453-1-1024x683.jpg\" alt=\"\" class=\"wp-image-283\" srcset=\"https:\/\/lencordee.fr\/wp-content\/uploads\/2022\/11\/FB_IMG_1520883601453-1-1024x683.jpg 1024w, https:\/\/lencordee.fr\/wp-content\/uploads\/2022\/11\/FB_IMG_1520883601453-1-300x200.jpg 300w, https:\/\/lencordee.fr\/wp-content\/uploads\/2022\/11\/FB_IMG_1520883601453-1-768x512.jpg 768w, https:\/\/lencordee.fr\/wp-content\/uploads\/2022\/11\/FB_IMG_1520883601453-1-930x620.jpg 930w, https:\/\/lencordee.fr\/wp-content\/uploads\/2022\/11\/FB_IMG_1520883601453-1.jpg 1080w\" sizes=\"auto, (max-width: 1024px) 100vw, 1024px\" \/><\/figure>\n<\/figure>\n\n\n\n<figure class=\"wp-block-gallery has-nested-images columns-default is-cropped wp-block-gallery-3 is-layout-flex wp-block-gallery-is-layout-flex\"><\/figure>\n","protected":false},"excerpt":{"rendered":"<p>Num\u00e9ros a\u00e9riens Vous cherchez un num\u00e9ro a\u00e9rien pour une soir\u00e9e, un cabaret, un buffet, une f\u00eate dans votre jardin ou une prestation sur mesure ? Nous avons des num\u00e9ros en corde lisse et tissu a\u00e9rien, forme solo ou trio (cordes lisses uniquement). N&rsquo;h\u00e9sitez pas \u00e0 nous contacter pour \u00e9laborer ensemble ce que vous recherchez.<\/p>\n","protected":false},"author":1,"featured_media":0,"parent":0,"menu_order":0,"comment_status":"closed","ping_status":"closed","template":"","meta":{"neve_meta_sidebar":"","neve_meta_container":"","neve_meta_enable_content_width":"","neve_meta_content_width":0,"neve_meta_title_alignment":"","neve_meta_author_avatar":"","neve_post_elements_order":"","neve_meta_disable_header":"","neve_meta_disable_footer":"","neve_meta_disable_title":"","footnotes":""},"class_list":["post-82","page","type-page","status-publish","hentry"],"_links":{"self":[{"href":"https:\/\/lencordee.fr\/index.php?rest_route=\/wp\/v2\/pages\/82","targetHints":{"allow":["GET"]}}],"collection":[{"href":"https:\/\/lencordee.fr\/index.php?rest_route=\/wp\/v2\/pages"}],"about":[{"href":"https:\/\/lencordee.fr\/index.php?rest_route=\/wp\/v2\/types\/page"}],"author":[{"embeddable":true,"href":"https:\/\/lencordee.fr\/index.php?rest_route=\/wp\/v2\/users\/1"}],"replies":[{"embeddable":true,"href":"https:\/\/lencordee.fr\/index.php?rest_route=%2Fwp%2Fv2%2Fcomments&post=82"}],"version-history":[{"count":9,"href":"https:\/\/lencordee.fr\/index.php?rest_route=\/wp\/v2\/pages\/82\/revisions"}],"predecessor-version":[{"id":295,"href":"https:\/\/lencordee.fr\/index.php?rest_route=\/wp\/v2\/pages\/82\/revisions\/295"}],"wp:attachment":[{"href":"https:\/\/lencordee.fr\/index.php?rest_route=%2Fwp%2Fv2%2Fmedia&parent=82"}],"curies":[{"name":"wp","href":"https:\/\/api.w.org\/{rel}","templated":true}]}}