{"id":80,"date":"2022-11-02T18:06:25","date_gmt":"2022-11-02T17:06:25","guid":{"rendered":"https:\/\/lencordee.fr\/?page_id=80"},"modified":"2024-03-18T11:49:42","modified_gmt":"2024-03-18T10:49:42","slug":"un-ptit-cafe","status":"publish","type":"page","link":"https:\/\/lencordee.fr\/?page_id=80","title":{"rendered":"Un p&rsquo;tit caf\u00e9 ? &#8211; en cr\u00e9ation"},"content":{"rendered":"\n<div class=\"wp-block-cover aligncenter\"><span aria-hidden=\"true\" class=\"wp-block-cover__background has-background-dim-30 has-background-dim\"><\/span><img loading=\"lazy\" decoding=\"async\" width=\"1024\" height=\"684\" class=\"wp-block-cover__image-background wp-image-130\" alt=\"\" src=\"https:\/\/lencordee.fr\/wp-content\/uploads\/2022\/11\/Copie-de-_DSC7881-1024x684.jpg\" style=\"object-position:54% 54%\" data-object-fit=\"cover\" data-object-position=\"54% 54%\" srcset=\"https:\/\/lencordee.fr\/wp-content\/uploads\/2022\/11\/Copie-de-_DSC7881-1024x684.jpg 1024w, https:\/\/lencordee.fr\/wp-content\/uploads\/2022\/11\/Copie-de-_DSC7881-300x200.jpg 300w, https:\/\/lencordee.fr\/wp-content\/uploads\/2022\/11\/Copie-de-_DSC7881-768x513.jpg 768w, https:\/\/lencordee.fr\/wp-content\/uploads\/2022\/11\/Copie-de-_DSC7881-1536x1025.jpg 1536w, https:\/\/lencordee.fr\/wp-content\/uploads\/2022\/11\/Copie-de-_DSC7881-2048x1367.jpg 2048w, https:\/\/lencordee.fr\/wp-content\/uploads\/2022\/11\/Copie-de-_DSC7881-930x620.jpg 930w\" sizes=\"auto, (max-width: 1024px) 100vw, 1024px\" \/><div class=\"wp-block-cover__inner-container is-layout-flow wp-block-cover-is-layout-flow\">\n<h2 class=\"wp-block-heading has-text-align-right has-nv-site-bg-color has-text-color\" style=\"font-size:50px\"> <strong>Un p&rsquo;tit caf\u00e9 ?<\/strong><\/h2>\n<\/div><\/div>\n\n\n\n<p><\/p>\n\n\n\n<div class=\"wp-block-columns is-layout-flex wp-container-core-columns-is-layout-9d6595d7 wp-block-columns-is-layout-flex\">\n<div class=\"wp-block-column is-layout-flow wp-block-column-is-layout-flow\">\n<p style=\"font-size:15px\"><strong>ENCORE UN PETIT CAF\u00c9 ? . . .<\/strong><\/p>\n\n\n\n<p style=\"font-size:15px\"><br>UNE \u00c2ME D&rsquo;ENFANT.<br>UNE VIE PLEINE DE TURBULENCE ET DE FRAGRANCE.<br>PAUSE CAF\u00c9.<br>CR\u00c9ER SES PROPRES LOGIQUES, AU RYTHME DE SES R\u00caVERIES ET SES RITES.<br>C&rsquo;EST LE BAZAR QUAND ON TOMBE DANS LE TROU NOIR.<br>CAF\u00c9.<br>ALORS ON COMBLE L&rsquo;ENNUI, ET LE VIDE.<br>CORDES, MANTEAU, COQUELICOT. <br>ON ENFILE UNE NOUVELLE PEAU.<br><br><em>Elle est obs\u00e9d\u00e9e par le caf\u00e9.<br>Des autres choses elle essaie d&rsquo;\u00eatre moins toqu\u00e9e.<br>Prise par ses tics et tocs, elle se perd dans ses id\u00e9es. Et l\u00e0 tout peut d\u00e9raper.<br>Maladroite et distraite, l&rsquo;affaire devient rocambolesque.<br>L&rsquo;esprit joueur elle s&#8217;embarque dans des rencontres et des d\u00e9couvertes, en cr\u00e9ant des mani\u00e8res absurdes de se r\u00e9inventer.<br>Elle chute, s&rsquo;\u00e9parpille, vrille.<br>Ce sont des instants fugaces et intenses, fragiles mais vivants.<br>Sur ce terrain, on joue avec ses petites n\u00e9vroses, on s&rsquo;amuse de la mati\u00e8re, on d\u00e9construit pour proposer ses propres r\u00e8gles.<\/em><\/p>\n<\/div>\n\n\n\n<div class=\"wp-block-column is-layout-flow wp-block-column-is-layout-flow\">\n<p style=\"font-size:15px\"><strong>Format 30 minutes<br>Famille et jeune public<br>Ext\u00e9rieur \/ Chapiteau<\/strong><\/p>\n\n\n\n<p style=\"font-size:15px\"><strong>Distribution :<\/strong><br>de et par Justine Delolme<br><br><strong>Soutien<\/strong> : Arc en Cirque &#8211; Centre r\u00e9gional des arts du cirque de Chamb\u00e9ry, Ville de Chamb\u00e9ry<\/p>\n\n\n\n<p style=\"font-size:15px\"><br>Un spectacle qui m\u00eale les disciplines de la corde lisse, du d\u00e9tournement d\u2019objet, de la danse, des \u00e9quilibres et du jeu d\u2019acteur.<br><br><\/p>\n<\/div>\n<\/div>\n\n\n\n<div class=\"wp-block-columns is-layout-flex wp-container-core-columns-is-layout-9d6595d7 wp-block-columns-is-layout-flex\">\n<div class=\"wp-block-column is-layout-flow wp-block-column-is-layout-flow\"><\/div>\n\n\n\n<div class=\"wp-block-column is-layout-flow wp-block-column-is-layout-flow\"><\/div>\n<\/div>\n","protected":false},"excerpt":{"rendered":"<p>ENCORE UN PETIT CAF\u00c9 ? . . . UNE \u00c2ME D&rsquo;ENFANT.UNE VIE PLEINE DE TURBULENCE ET DE FRAGRANCE.PAUSE CAF\u00c9.CR\u00c9ER SES PROPRES LOGIQUES, AU RYTHME DE SES R\u00caVERIES ET SES RITES.C&rsquo;EST LE BAZAR QUAND ON TOMBE DANS LE TROU NOIR.CAF\u00c9.ALORS ON COMBLE L&rsquo;ENNUI, ET LE VIDE.CORDES, MANTEAU, COQUELICOT. ON ENFILE UNE NOUVELLE PEAU. Elle est obs\u00e9d\u00e9e&hellip;&nbsp;<a href=\"https:\/\/lencordee.fr\/?page_id=80\" rel=\"bookmark\">Lire la suite &raquo;<span class=\"screen-reader-text\">Un p&rsquo;tit caf\u00e9 ? &#8211; en cr\u00e9ation<\/span><\/a><\/p>\n","protected":false},"author":1,"featured_media":0,"parent":0,"menu_order":0,"comment_status":"closed","ping_status":"closed","template":"","meta":{"neve_meta_sidebar":"","neve_meta_container":"","neve_meta_enable_content_width":"","neve_meta_content_width":0,"neve_meta_title_alignment":"","neve_meta_author_avatar":"","neve_post_elements_order":"","neve_meta_disable_header":"","neve_meta_disable_footer":"","neve_meta_disable_title":"","footnotes":""},"class_list":["post-80","page","type-page","status-publish","hentry"],"_links":{"self":[{"href":"https:\/\/lencordee.fr\/index.php?rest_route=\/wp\/v2\/pages\/80","targetHints":{"allow":["GET"]}}],"collection":[{"href":"https:\/\/lencordee.fr\/index.php?rest_route=\/wp\/v2\/pages"}],"about":[{"href":"https:\/\/lencordee.fr\/index.php?rest_route=\/wp\/v2\/types\/page"}],"author":[{"embeddable":true,"href":"https:\/\/lencordee.fr\/index.php?rest_route=\/wp\/v2\/users\/1"}],"replies":[{"embeddable":true,"href":"https:\/\/lencordee.fr\/index.php?rest_route=%2Fwp%2Fv2%2Fcomments&post=80"}],"version-history":[{"count":13,"href":"https:\/\/lencordee.fr\/index.php?rest_route=\/wp\/v2\/pages\/80\/revisions"}],"predecessor-version":[{"id":447,"href":"https:\/\/lencordee.fr\/index.php?rest_route=\/wp\/v2\/pages\/80\/revisions\/447"}],"wp:attachment":[{"href":"https:\/\/lencordee.fr\/index.php?rest_route=%2Fwp%2Fv2%2Fmedia&parent=80"}],"curies":[{"name":"wp","href":"https:\/\/api.w.org\/{rel}","templated":true}]}}