{"id":19,"date":"2022-11-01T17:21:48","date_gmt":"2022-11-01T16:21:48","guid":{"rendered":"http:\/\/lencordee.fr\/?page_id=19"},"modified":"2025-09-14T14:28:53","modified_gmt":"2025-09-14T12:28:53","slug":"les-spectacles","status":"publish","type":"page","link":"https:\/\/lencordee.fr\/?page_id=19","title":{"rendered":"Les spectacles"},"content":{"rendered":"\n<div class=\"wp-block-cover\"><img loading=\"lazy\" decoding=\"async\" width=\"1024\" height=\"303\" class=\"wp-block-cover__image-background wp-image-168\" alt=\"\" src=\"https:\/\/lencordee.fr\/wp-content\/uploads\/2022\/11\/EnTeteSpectacleSW-1-1024x303.jpg\" data-object-fit=\"cover\" srcset=\"https:\/\/lencordee.fr\/wp-content\/uploads\/2022\/11\/EnTeteSpectacleSW-1-1024x303.jpg 1024w, https:\/\/lencordee.fr\/wp-content\/uploads\/2022\/11\/EnTeteSpectacleSW-1-300x89.jpg 300w, https:\/\/lencordee.fr\/wp-content\/uploads\/2022\/11\/EnTeteSpectacleSW-1-768x227.jpg 768w, https:\/\/lencordee.fr\/wp-content\/uploads\/2022\/11\/EnTeteSpectacleSW-1-1536x454.jpg 1536w, https:\/\/lencordee.fr\/wp-content\/uploads\/2022\/11\/EnTeteSpectacleSW-1-2048x606.jpg 2048w\" sizes=\"auto, (max-width: 1024px) 100vw, 1024px\" \/><span aria-hidden=\"true\" class=\"wp-block-cover__background has-background-dim\"><\/span><div class=\"wp-block-cover__inner-container is-layout-flow wp-block-cover-is-layout-flow\">\n<h3 class=\"wp-block-heading has-text-align-center\" style=\"font-size:50px\"><strong>Les Spectacles<\/strong><\/h3>\n<\/div><\/div>\n\n\n\n<p><\/p>\n\n\n\n<div class=\"wp-block-columns is-layout-flex wp-container-core-columns-is-layout-9d6595d7 wp-block-columns-is-layout-flex\">\n<div class=\"wp-block-column is-layout-flow wp-block-column-is-layout-flow\">\n<figure class=\"wp-block-image size-large\"><a href=\"https:\/\/lencordee.fr\/?page_id=69\"><img loading=\"lazy\" decoding=\"async\" width=\"1024\" height=\"683\" src=\"https:\/\/lencordee.fr\/wp-content\/uploads\/2024\/08\/DSC06859-1024x683.jpg\" alt=\"\" class=\"wp-image-601\" srcset=\"https:\/\/lencordee.fr\/wp-content\/uploads\/2024\/08\/DSC06859-1024x683.jpg 1024w, https:\/\/lencordee.fr\/wp-content\/uploads\/2024\/08\/DSC06859-300x200.jpg 300w, https:\/\/lencordee.fr\/wp-content\/uploads\/2024\/08\/DSC06859-768x512.jpg 768w, https:\/\/lencordee.fr\/wp-content\/uploads\/2024\/08\/DSC06859-1536x1024.jpg 1536w, https:\/\/lencordee.fr\/wp-content\/uploads\/2024\/08\/DSC06859-2048x1365.jpg 2048w, https:\/\/lencordee.fr\/wp-content\/uploads\/2024\/08\/DSC06859-930x620.jpg 930w\" sizes=\"auto, (max-width: 1024px) 100vw, 1024px\" \/><\/a><\/figure>\n\n\n\n<p class=\"has-small-font-size\">Cr\u00e9dit photo : Paul M\u00e9tais<\/p>\n\n\n\n<figure class=\"wp-block-image size-full\"><img loading=\"lazy\" decoding=\"async\" width=\"897\" height=\"502\" src=\"https:\/\/lencordee.fr\/wp-content\/uploads\/2025\/09\/Design-sans-titre-5-1.png\" alt=\"\" class=\"wp-image-831\" srcset=\"https:\/\/lencordee.fr\/wp-content\/uploads\/2025\/09\/Design-sans-titre-5-1.png 897w, https:\/\/lencordee.fr\/wp-content\/uploads\/2025\/09\/Design-sans-titre-5-1-300x168.png 300w, https:\/\/lencordee.fr\/wp-content\/uploads\/2025\/09\/Design-sans-titre-5-1-768x430.png 768w\" sizes=\"auto, (max-width: 897px) 100vw, 897px\" \/><\/figure>\n<\/div>\n\n\n\n<div class=\"wp-block-column is-layout-flow wp-block-column-is-layout-flow\">\n<p><\/p>\n\n\n\n<h3 class=\"wp-block-heading has-large-font-size\" style=\"font-style:normal;font-weight:600\">Les Baudri\u00e8res<\/h3>\n\n\n\n<p style=\"font-size:17px\">\u00ab\u00a0Ou comment grimper gr\u00e2ce aux autres sans se marcher dessus\u00a0\u00bb<\/p>\n\n\n\n<p style=\"font-size:17px\"><br>Pi\u00e8ce pour 3 cordelistes et 6 cordes de coton<br>Spectacle de 45 minutes pour l&rsquo;ext\u00e9rieur.<br>Adaptation pour la salle \u00e0 venir.<\/p>\n\n\n\n<p><\/p>\n\n\n\n<p><\/p>\n\n\n\n<p><\/p>\n\n\n\n<p><\/p>\n\n\n\n<h2 class=\"wp-block-heading\"><strong>Capt\u00e9 (titre provisoire)<\/strong><\/h2>\n\n\n\n<p style=\"font-size:16px\">Spectacle en cr\u00e9ation<br>Sortie pr\u00e9vue pour l&rsquo;\u00e9t\u00e9 2027<\/p>\n<\/div>\n<\/div>\n\n\n\n<div class=\"wp-block-columns is-layout-flex wp-container-core-columns-is-layout-9d6595d7 wp-block-columns-is-layout-flex\">\n<div class=\"wp-block-column is-layout-flow wp-block-column-is-layout-flow\">\n<figure class=\"wp-block-image size-large\"><a href=\"https:\/\/lencordee.fr\/?page_id=157\"><img loading=\"lazy\" decoding=\"async\" width=\"1001\" height=\"1024\" src=\"https:\/\/lencordee.fr\/wp-content\/uploads\/2022\/11\/Soline-SW-1001x1024.jpeg\" alt=\"\" class=\"wp-image-155\" srcset=\"https:\/\/lencordee.fr\/wp-content\/uploads\/2022\/11\/Soline-SW-1001x1024.jpeg 1001w, https:\/\/lencordee.fr\/wp-content\/uploads\/2022\/11\/Soline-SW-293x300.jpeg 293w, https:\/\/lencordee.fr\/wp-content\/uploads\/2022\/11\/Soline-SW-768x786.jpeg 768w, https:\/\/lencordee.fr\/wp-content\/uploads\/2022\/11\/Soline-SW-1502x1536.jpeg 1502w, https:\/\/lencordee.fr\/wp-content\/uploads\/2022\/11\/Soline-SW.jpeg 1842w\" sizes=\"auto, (max-width: 1001px) 100vw, 1001px\" \/><\/a><\/figure>\n<\/div>\n\n\n\n<div class=\"wp-block-column is-layout-flow wp-block-column-is-layout-flow\">\n<p><\/p>\n\n\n\n<h2 class=\"wp-block-heading has-large-font-size\" style=\"font-style:normal;font-weight:600\">Soline<\/h2>\n\n\n\n<p style=\"font-size:17px\">Conversation verticale d&rsquo;une clowne et d&rsquo;une corde<br>Tout public d\u00e8s 7 ans &#8211; Dur\u00e9e : 1h<\/p>\n<\/div>\n<\/div>\n\n\n\n<div class=\"wp-block-columns is-layout-flex wp-container-core-columns-is-layout-9d6595d7 wp-block-columns-is-layout-flex\">\n<div class=\"wp-block-column is-layout-flow wp-block-column-is-layout-flow\">\n<figure class=\"wp-block-image size-large\"><a href=\"https:\/\/lencordee.fr\/?page_id=80\"><img loading=\"lazy\" decoding=\"async\" width=\"1024\" height=\"678\" src=\"https:\/\/lencordee.fr\/wp-content\/uploads\/2022\/11\/Copie-de-VID_8706-1024x678.jpg\" alt=\"\" class=\"wp-image-128\" srcset=\"https:\/\/lencordee.fr\/wp-content\/uploads\/2022\/11\/Copie-de-VID_8706-1024x678.jpg 1024w, https:\/\/lencordee.fr\/wp-content\/uploads\/2022\/11\/Copie-de-VID_8706-300x199.jpg 300w, https:\/\/lencordee.fr\/wp-content\/uploads\/2022\/11\/Copie-de-VID_8706-768x509.jpg 768w, https:\/\/lencordee.fr\/wp-content\/uploads\/2022\/11\/Copie-de-VID_8706-1536x1017.jpg 1536w, https:\/\/lencordee.fr\/wp-content\/uploads\/2022\/11\/Copie-de-VID_8706-2048x1356.jpg 2048w\" sizes=\"auto, (max-width: 1024px) 100vw, 1024px\" \/><\/a><\/figure>\n<\/div>\n\n\n\n<div class=\"wp-block-column is-layout-flow wp-block-column-is-layout-flow\">\n<p><\/p>\n\n\n\n<h2 class=\"wp-block-heading has-large-font-size\" style=\"font-style:normal;font-weight:600\">Encore un p&rsquo;tit caf\u00e9 ? (en cr\u00e9ation)<\/h2>\n\n\n\n<p style=\"font-size:17px\">Conte dr\u00f4le et absurde, entre cirque po\u00e9tique et fragrances obsessives.<\/p>\n\n\n\n<p style=\"font-size:17px\">Tout public &#8211; Dur\u00e9e : 30 minutes <\/p>\n<\/div>\n<\/div>\n","protected":false},"excerpt":{"rendered":"<p>Cr\u00e9dit photo : Paul M\u00e9tais Les Baudri\u00e8res \u00ab\u00a0Ou comment grimper gr\u00e2ce aux autres sans se marcher dessus\u00a0\u00bb Pi\u00e8ce pour 3 cordelistes et 6 cordes de cotonSpectacle de 45 minutes pour l&rsquo;ext\u00e9rieur.Adaptation pour la salle \u00e0 venir. Capt\u00e9 (titre provisoire) Spectacle en cr\u00e9ationSortie pr\u00e9vue pour l&rsquo;\u00e9t\u00e9 2027 Soline Conversation verticale d&rsquo;une clowne et d&rsquo;une cordeTout public&hellip;&nbsp;<a href=\"https:\/\/lencordee.fr\/?page_id=19\" rel=\"bookmark\">Lire la suite &raquo;<span class=\"screen-reader-text\">Les spectacles<\/span><\/a><\/p>\n","protected":false},"author":1,"featured_media":0,"parent":0,"menu_order":1,"comment_status":"closed","ping_status":"closed","template":"","meta":{"neve_meta_sidebar":"","neve_meta_container":"default","neve_meta_enable_content_width":"","neve_meta_content_width":0,"neve_meta_title_alignment":"","neve_meta_author_avatar":"","neve_post_elements_order":"","neve_meta_disable_header":"","neve_meta_disable_footer":"","neve_meta_disable_title":"on","footnotes":""},"class_list":["post-19","page","type-page","status-publish","hentry"],"_links":{"self":[{"href":"https:\/\/lencordee.fr\/index.php?rest_route=\/wp\/v2\/pages\/19","targetHints":{"allow":["GET"]}}],"collection":[{"href":"https:\/\/lencordee.fr\/index.php?rest_route=\/wp\/v2\/pages"}],"about":[{"href":"https:\/\/lencordee.fr\/index.php?rest_route=\/wp\/v2\/types\/page"}],"author":[{"embeddable":true,"href":"https:\/\/lencordee.fr\/index.php?rest_route=\/wp\/v2\/users\/1"}],"replies":[{"embeddable":true,"href":"https:\/\/lencordee.fr\/index.php?rest_route=%2Fwp%2Fv2%2Fcomments&post=19"}],"version-history":[{"count":28,"href":"https:\/\/lencordee.fr\/index.php?rest_route=\/wp\/v2\/pages\/19\/revisions"}],"predecessor-version":[{"id":833,"href":"https:\/\/lencordee.fr\/index.php?rest_route=\/wp\/v2\/pages\/19\/revisions\/833"}],"wp:attachment":[{"href":"https:\/\/lencordee.fr\/index.php?rest_route=%2Fwp%2Fv2%2Fmedia&parent=19"}],"curies":[{"name":"wp","href":"https:\/\/api.w.org\/{rel}","templated":true}]}}